{"id":371,"date":"2017-10-23T15:50:24","date_gmt":"2017-10-23T14:50:24","guid":{"rendered":"http:\/\/rwwbismarck.apps-1and1.net\/?page_id=371"},"modified":"2017-12-14T17:31:24","modified_gmt":"2017-12-14T16:31:24","slug":"alte-galerie","status":"publish","type":"page","link":"https:\/\/rww-bismarck.de\/?page_id=371","title":{"rendered":"Alte Galerie"},"content":{"rendered":"<p>Herzlich willkommen in der alten Galerie!<\/p>\n<p>Hier kann jeder in Erinnerungen schwelgen und vielleicht sogar ein paar Infos zu den Bildern liefern. Wenn wir diese erhalten werden wir diese hier gerne unter die Bilder setzen um z.B. Klarheit \u00fcber die Personen, den Ort oder die Begebenheit zu schaffen.<\/p>\n<p>Seit alle herzlichst eingeladen hieran teilzunehmen. Falls Ihr \u00fcbrigens alte Bilder vom Verein habt, k\u00f6nnt ihr diese auch gerne zur Verf\u00fcgung stellen. Viel Spa\u00df!<\/p>\nngg_shortcode_0_placeholder\n","protected":false},"excerpt":{"rendered":"<p>Herzlich willkommen in der alten Galerie! Hier kann jeder in Erinnerungen schwelgen und vielleicht sogar ein paar Infos zu den Bildern liefern. Wenn wir diese erhalten werden wir diese hier gerne unter die Bilder setzen um z.B. Klarheit \u00fcber die Personen, den Ort oder die Begebenheit zu schaffen. Seit alle herzlichst eingeladen hieran teilzunehmen. Falls [&hellip;]<\/p>\n","protected":false},"author":4,"featured_media":0,"parent":14,"menu_order":40,"comment_status":"closed","ping_status":"closed","template":"","meta":{"ngg_post_thumbnail":0,"footnotes":""},"class_list":["post-371","page","type-page","status-publish","hentry"],"_links":{"self":[{"href":"https:\/\/rww-bismarck.de\/index.php?rest_route=\/wp\/v2\/pages\/371","targetHints":{"allow":["GET"]}}],"collection":[{"href":"https:\/\/rww-bismarck.de\/index.php?rest_route=\/wp\/v2\/pages"}],"about":[{"href":"https:\/\/rww-bismarck.de\/index.php?rest_route=\/wp\/v2\/types\/page"}],"author":[{"embeddable":true,"href":"https:\/\/rww-bismarck.de\/index.php?rest_route=\/wp\/v2\/users\/4"}],"replies":[{"embeddable":true,"href":"https:\/\/rww-bismarck.de\/index.php?rest_route=%2Fwp%2Fv2%2Fcomments&post=371"}],"version-history":[{"count":4,"href":"https:\/\/rww-bismarck.de\/index.php?rest_route=\/wp\/v2\/pages\/371\/revisions"}],"predecessor-version":[{"id":945,"href":"https:\/\/rww-bismarck.de\/index.php?rest_route=\/wp\/v2\/pages\/371\/revisions\/945"}],"up":[{"embeddable":true,"href":"https:\/\/rww-bismarck.de\/index.php?rest_route=\/wp\/v2\/pages\/14"}],"wp:attachment":[{"href":"https:\/\/rww-bismarck.de\/index.php?rest_route=%2Fwp%2Fv2%2Fmedia&parent=371"}],"curies":[{"name":"wp","href":"https:\/\/api.w.org\/{rel}","templated":true}]}}