{"id":364,"date":"2017-10-22T20:15:11","date_gmt":"2017-10-22T19:15:11","guid":{"rendered":"http:\/\/rwwbismarck.apps-1and1.net\/?page_id=364"},"modified":"2024-07-16T10:52:47","modified_gmt":"2024-07-16T09:52:47","slug":"die-vereinschronik","status":"publish","type":"page","link":"https:\/\/rww-bismarck.de\/?page_id=364","title":{"rendered":"Die Vereinschronik"},"content":{"rendered":"<p>2024<\/p>\n<p>Frank Neumann tritt von seinem Posten als Trainer der zweiten Mannschaft zur\u00fcck. Pascal Blaschke und Jan Sendzik \u00fcbernehmen zur neuen Saison in einer mit 38 Spieltagen belegten Marathon-Saison die zweite Mannschaft in der Kreisliga C.<\/p>\n<p>Erneut gibt es viele Abg\u00e4nge in der ersten Mannschaft, die durch gute Neuzug\u00e4nge aber gr\u00f6\u00dftenteils ersetzt werden konnten. In einer schweren Kreisliga B wird die Mannschaft aber stets alles reinlegen und alles f\u00fcr den Klassenerhalt tun.<\/p>\n<p>2023<\/p>\n<p>Nachdem im Winter 2022\/2023 durch zahlreiche Neuzug\u00e4nge ein Kader von 40 Spielern zusammengekommen war, wird zur Saison 2023\/2024 wieder eine zweite Mannschaft unter der Leitung von Frank Neumann ins Leben gerufen.<\/p>\n<p>Die erste Mannschaft schafft nach einer harten und mit Auf-und Abs belegten Saison unter gro\u00dfem Jubel den Aufstieg in die Kreisliga B!<\/p>\n<p>2022<\/p>\n<p>Nachdem beinahe die gesamte erste, als auch die halbe zweite Mannschaft weggebrochen ist, startet der Verein mit vereinstreuen Seelen und ein paar externen Zug\u00e4ngen mit einem Kader von 16 Mann in der Kreisliga C neu um den Verein am Leben zu erhalten.<\/p>\n<p>2018<\/p>\n<p>Die neuformierte 1.Mannschaft wird 7 in der Kreisliga B .<\/p>\n<p>Die Damen erreichen einen 5. Platz in der Kreisliga A.<\/p>\n<p>Zur neuen Saison 2018\/2019 werden wieder 2 Herrenmannschaften gemeldet.<\/p>\n<p>2017<\/p>\n<p>Abstieg der 1. Mannschaft in die Kreisliga B. 18 Spieler der 1. Mannschaft verlassen den Verein. Nur noch eine Herrenmannschaft in der Saison 2017\/2018.<\/p>\n<p>2015<\/p>\n<p>Die 1. Mannschaft wird Meister in der Kreisliga B2 und steigt in die Kreisliga A auf.<\/p>\n<p>2014<\/p>\n<p>Die 1. Mannschaft wird Tabellenzweiter in der Kreisliga B und verliert das Relegationsspiel knapp mit 2:3. 3. Mannschaft steigt nach verlorenem Relegationsspiel in die Kreisliga C ab.<\/p>\n<p>2012<\/p>\n<p>Renovierung des Vereinsheims<\/p>\n<p>2011<\/p>\n<p>Abstieg der 1. Mannschaft in die Kreisliga B<\/p>\n<p>2010<\/p>\n<p>Der Verein ist von einem Insolvenzverfahren betroffen<\/p>\n<p>2009<\/p>\n<p>Abstieg in die Kreisliga A der 1. Mannschaft. Die 2. Mannschaft steigt in die Kreisliga B auf.<\/p>\n<p>2007<\/p>\n<p>Die 1. Mannschaft steigt in die Bezirksliga ab<\/p>\n<p>2005<\/p>\n<p>Aufstieg der 1. Mannschaft in die Landesliga.<\/p>\n<p>2004<\/p>\n<p>Unsere Erstvertretung wird als Aufsteiger auf Anhieb Vizemeister in der Bezirksstaffel 13 &#8211; und zwar punktgleich und mir gleicher Tordifferenz wie der Meister VfB G\u00fcnnigfeld.<\/p>\n","protected":false},"excerpt":{"rendered":"<p>2024 Frank Neumann tritt von seinem Posten als Trainer der zweiten Mannschaft zur\u00fcck. Pascal Blaschke und Jan Sendzik \u00fcbernehmen zur neuen Saison in einer mit 38 Spieltagen belegten Marathon-Saison die zweite Mannschaft in der Kreisliga C. Erneut gibt es viele Abg\u00e4nge in der ersten Mannschaft, die durch gute Neuzug\u00e4nge aber gr\u00f6\u00dftenteils ersetzt werden konnten. In [&hellip;]<\/p>\n","protected":false},"author":4,"featured_media":0,"parent":14,"menu_order":10,"comment_status":"closed","ping_status":"closed","template":"","meta":{"ngg_post_thumbnail":0,"footnotes":""},"class_list":["post-364","page","type-page","status-publish","hentry"],"_links":{"self":[{"href":"https:\/\/rww-bismarck.de\/index.php?rest_route=\/wp\/v2\/pages\/364","targetHints":{"allow":["GET"]}}],"collection":[{"href":"https:\/\/rww-bismarck.de\/index.php?rest_route=\/wp\/v2\/pages"}],"about":[{"href":"https:\/\/rww-bismarck.de\/index.php?rest_route=\/wp\/v2\/types\/page"}],"author":[{"embeddable":true,"href":"https:\/\/rww-bismarck.de\/index.php?rest_route=\/wp\/v2\/users\/4"}],"replies":[{"embeddable":true,"href":"https:\/\/rww-bismarck.de\/index.php?rest_route=%2Fwp%2Fv2%2Fcomments&post=364"}],"version-history":[{"count":5,"href":"https:\/\/rww-bismarck.de\/index.php?rest_route=\/wp\/v2\/pages\/364\/revisions"}],"predecessor-version":[{"id":1866,"href":"https:\/\/rww-bismarck.de\/index.php?rest_route=\/wp\/v2\/pages\/364\/revisions\/1866"}],"up":[{"embeddable":true,"href":"https:\/\/rww-bismarck.de\/index.php?rest_route=\/wp\/v2\/pages\/14"}],"wp:attachment":[{"href":"https:\/\/rww-bismarck.de\/index.php?rest_route=%2Fwp%2Fv2%2Fmedia&parent=364"}],"curies":[{"name":"wp","href":"https:\/\/api.w.org\/{rel}","templated":true}]}}