{"id":33,"date":"2016-09-12T09:49:10","date_gmt":"2016-09-12T09:49:10","guid":{"rendered":"http:\/\/rwwbismarck.apps-1and1.net\/?page_id=33"},"modified":"2017-11-06T11:30:22","modified_gmt":"2017-11-06T10:30:22","slug":"bilder","status":"publish","type":"page","link":"https:\/\/rww-bismarck.de\/?page_id=33","title":{"rendered":"Bilder"},"content":{"rendered":"<h2>Vatertag 2017<\/h2>\nngg_shortcode_0_placeholder\n<h2>Herbstfest 2016<\/h2>\nngg_shortcode_1_placeholder\n<h2>Vatertag 2016<\/h2>\n<p>Der Vatertag 2016 begann um 11 Uhr mit dem Eintreffen der ersten G\u00e4ste. Das traditionelle Freundschaftsspiel der Alten Herren gegen die Erste Mannschaft startete wie gewohnt um&nbsp;&nbsp;&nbsp;&nbsp;&nbsp; 12.30 Uhr unter blauen Himmel. Im Laufe des durchweg sonnigen Tages besuchten etwa 120 Sportsfreunde, darunter viele Familien, die Sportanlage an der Reckfeldstra\u00dfe. Neben kalten Getr\u00e4nken und Klassikern vom Grill lie\u00dfen sich die Vereinsvorsitzenden dieses Jahr was Besonderes einfallen &#8211; Kartoffelpuffer f\u00fcr alle Besucher. Das Wetter und die sch\u00f6ne Stimmung unter den Anwesenden sorgten f\u00fcr ein sp\u00e4tes Ende dieses tollen Tages. N\u00e4chstes Jahr geht es dann wie gewohnt weiter.<\/p>\nngg_shortcode_2_placeholder\n<h2>Vatertag 2015<\/h2>\nngg_shortcode_3_placeholder\n","protected":false},"excerpt":{"rendered":"<p>Vatertag 2017 &#8221; order_by=&#8221;sortorder&#8221; order_direction=&#8221;ASC&#8221; returns=&#8221;included&#8221; maximum_entity_count=&#8221;500&#8243;] Herbstfest 2016 &#8221; order_by=&#8221;sortorder&#8221; order_direction=&#8221;ASC&#8221; returns=&#8221;included&#8221; maximum_entity_count=&#8221;500&#8243;] Vatertag 2016 Der Vatertag 2016 begann um 11 Uhr mit dem Eintreffen der ersten G\u00e4ste. Das traditionelle Freundschaftsspiel der Alten Herren gegen die Erste Mannschaft startete wie gewohnt um&nbsp;&nbsp;&nbsp;&nbsp;&nbsp; 12.30 Uhr unter blauen Himmel. Im Laufe des durchweg sonnigen Tages besuchten [&hellip;]<\/p>\n","protected":false},"author":14,"featured_media":0,"parent":14,"menu_order":30,"comment_status":"closed","ping_status":"closed","template":"","meta":{"ngg_post_thumbnail":0,"footnotes":""},"class_list":["post-33","page","type-page","status-publish","hentry"],"_links":{"self":[{"href":"https:\/\/rww-bismarck.de\/index.php?rest_route=\/wp\/v2\/pages\/33","targetHints":{"allow":["GET"]}}],"collection":[{"href":"https:\/\/rww-bismarck.de\/index.php?rest_route=\/wp\/v2\/pages"}],"about":[{"href":"https:\/\/rww-bismarck.de\/index.php?rest_route=\/wp\/v2\/types\/page"}],"author":[{"embeddable":true,"href":"https:\/\/rww-bismarck.de\/index.php?rest_route=\/wp\/v2\/users\/14"}],"replies":[{"embeddable":true,"href":"https:\/\/rww-bismarck.de\/index.php?rest_route=%2Fwp%2Fv2%2Fcomments&post=33"}],"version-history":[{"count":10,"href":"https:\/\/rww-bismarck.de\/index.php?rest_route=\/wp\/v2\/pages\/33\/revisions"}],"predecessor-version":[{"id":882,"href":"https:\/\/rww-bismarck.de\/index.php?rest_route=\/wp\/v2\/pages\/33\/revisions\/882"}],"up":[{"embeddable":true,"href":"https:\/\/rww-bismarck.de\/index.php?rest_route=\/wp\/v2\/pages\/14"}],"wp:attachment":[{"href":"https:\/\/rww-bismarck.de\/index.php?rest_route=%2Fwp%2Fv2%2Fmedia&parent=33"}],"curies":[{"name":"wp","href":"https:\/\/api.w.org\/{rel}","templated":true}]}}