{"id":14,"date":"2016-09-12T09:13:39","date_gmt":"2016-09-12T08:13:39","guid":{"rendered":"http:\/\/rwwbismarck.apps-1and1.net\/?page_id=14"},"modified":"2024-06-20T08:16:23","modified_gmt":"2024-06-20T07:16:23","slug":"startseite","status":"publish","type":"page","link":"https:\/\/rww-bismarck.de\/","title":{"rendered":"Startseite"},"content":{"rendered":"\n<p>Willkommen auf unserer Internet-Seite! Wir sind ein Fu\u00dfballverein aus Gelsenkirchen-Bismarck!<\/p>\n<p>Aktuell verf\u00fcgen wir \u00fcber drei aktive Mannschaften:<\/p>\n<ol>\n<li>Mannschaft (Kreisliga B2 Gelsenkirchen)<\/li>\n<li>Mannschaft (Kreisliga C2 Gelsenkirchen)<\/li>\n<\/ol>\n<p>&nbsp; &nbsp; &nbsp;Alte Herren (Spielgemeinschaft mit der SSV Buer)<\/p>\n\n\n","protected":false},"excerpt":{"rendered":"<p>Willkommen auf unserer Internet-Seite! Wir sind ein Fu\u00dfballverein aus Gelsenkirchen-Bismarck! Aktuell verf\u00fcgen wir \u00fcber drei aktive Mannschaften: Mannschaft (Kreisliga B2 Gelsenkirchen) Mannschaft (Kreisliga C2 Gelsenkirchen) &nbsp; &nbsp; &nbsp;Alte Herren (Spielgemeinschaft mit der SSV Buer)<\/p>\n","protected":false},"author":1,"featured_media":12,"parent":0,"menu_order":10,"comment_status":"closed","ping_status":"closed","template":"","meta":{"ngg_post_thumbnail":0,"footnotes":""},"class_list":["post-14","page","type-page","status-publish","has-post-thumbnail","hentry"],"_links":{"self":[{"href":"https:\/\/rww-bismarck.de\/index.php?rest_route=\/wp\/v2\/pages\/14","targetHints":{"allow":["GET"]}}],"collection":[{"href":"https:\/\/rww-bismarck.de\/index.php?rest_route=\/wp\/v2\/pages"}],"about":[{"href":"https:\/\/rww-bismarck.de\/index.php?rest_route=\/wp\/v2\/types\/page"}],"author":[{"embeddable":true,"href":"https:\/\/rww-bismarck.de\/index.php?rest_route=\/wp\/v2\/users\/1"}],"replies":[{"embeddable":true,"href":"https:\/\/rww-bismarck.de\/index.php?rest_route=%2Fwp%2Fv2%2Fcomments&post=14"}],"version-history":[{"count":79,"href":"https:\/\/rww-bismarck.de\/index.php?rest_route=\/wp\/v2\/pages\/14\/revisions"}],"predecessor-version":[{"id":1857,"href":"https:\/\/rww-bismarck.de\/index.php?rest_route=\/wp\/v2\/pages\/14\/revisions\/1857"}],"wp:featuredmedia":[{"embeddable":true,"href":"https:\/\/rww-bismarck.de\/index.php?rest_route=\/wp\/v2\/media\/12"}],"wp:attachment":[{"href":"https:\/\/rww-bismarck.de\/index.php?rest_route=%2Fwp%2Fv2%2Fmedia&parent=14"}],"curies":[{"name":"wp","href":"https:\/\/api.w.org\/{rel}","templated":true}]}}